{"id":6,"date":"2019-10-18T12:58:34","date_gmt":"2019-10-18T10:58:34","guid":{"rendered":"https:\/\/studiopuglia.net\/index.php\/mesmerize-pro\/"},"modified":"2021-01-14T14:25:30","modified_gmt":"2021-01-14T13:25:30","slug":"mesmerize-pro","status":"publish","type":"page","link":"https:\/\/studiopuglia.net\/","title":{"rendered":"Front Page"},"content":{"rendered":"<div  data-label=\"Cta\" data-id=\"cta--2\" data-export-id=\"cta-centered-section-grid\" data-category=\"cta\" class=\"cta-centered-section-grid content-section content-section-spacing-medium bg-color1 white-text\" id=\"cta-3\" style=\"background-image: none; background-color: rgb(236, 110, 60);\"><div  class=\"gridContainer\"> <div  class=\"row text-center\"><div  class=\"col-xs-12 col-sm-10 col-sm-offset-1 col-md-8 col-md-offset-2\" data-type=\"column\"> <h2  class=\"\"><span  style=\"font-weight: 700;\">AMMINISTRAZIONI CONDOMINIALI<\/span><br ><span  style=\"font-weight: 700;\">\nRAG. LORENZO PUGLIA<\/span><span  id=\"_mce_caret\" data-mce-bogus=\"1\" data-mce-type=\"format-caret\"><span  style=\"color: rgb(242, 63, 11); font-weight: 700;\">\ufeff<\/span><\/span><span  id=\"_mce_caret\" data-mce-bogus=\"1\" data-mce-type=\"format-caret\"><span  style=\"color: rgb(242, 63, 11); font-weight: 700;\">\ufeff<\/span><\/span><\/h2>  <\/div> <\/div><\/div> <\/div><div  data-label=\"Lo studio\" data-id=\"about--1\" data-export-id=\"about-text-image\" data-category=\"about\" class=\"about-text-image content-section content-section-spacing\" id=\"lo-studio\" style=\"background-color: rgb(255, 255, 255); background-image: none;\"><div  class=\"gridContainer\"> <div  class=\"row\"><div  class=\"col-sm-6 col-padding-small-xs col-sm-padding-large bg-color5 white-text content-col\" data-type=\"column\">  <h2  class=\"\">LO STUDIO<\/h2> <p  class=\"\">Lo studio \u00e8 sotto la guida del Rag. Lorenzo Puglia, il quale vanta un\u2019esperienza ventennale e consolidata nel settore dell\u2019amministrazione condominiale, svolgendo la propria attivit\u00e0 nell\u2019area di Monza e Brianza. Da sempre opera con la massima efficienza, seriet\u00e0 e trasparenza: la sua filosofia si basa su una gestione diretta e completa dei condomini amministrati, instaurando un rapporto di fiducia con i suoi clienti, ai quali offre massima disponibilit\u00e0. \n<br >Si avvale, inoltre, della collaborazione di numerosi consulenti esterni, in modo da poter offrire una vasta gamma di servizi volti alla soddisfazione delle esigenze condominiali di ogni tipo. Infine l\u2019informatizzazione dei documenti e gestione della privacy condominiale fanno dello studio una realt\u00e0 orientata all\u2019innovazione tecnica e all\u2019adozione immediata delle disposizioni legislative.<\/p><\/div> <div  class=\"col-sm-6 flexbox-strech center-xs middle-xs no-gutter-col\"><div  class=\"shadow-large overlap-left-large flexbox middle-xs center-xs right-img\" data-bg=\"image\" style=\"background-image: url(&quot;https:\/\/studiopuglia.net\/wp-content\/uploads\/2020\/12\/Chi-siamo.jpeg&quot;);\"><\/div><\/div> <\/div><\/div> <\/div><div  id=\"cta-1\" data-label=\"Cta\" data-id=\"cta-blue-section\" data-export-id=\"cta-blue-section\" data-category=\"cta\" class=\"cta-blue-section content-section content-section-spacing-medium bg-color1 white-text content-relative\" style=\"background-image: none; background-color: rgb(236, 110, 60);\"><div  class=\"gridContainer\"> <div  class=\"row middle-xs\"><div  class=\"col-sm-8 space-bottom-xs\" data-type=\"column\"> <h2  class=\"\" style=\"text-align: center;\"><span  style=\"color: rgb(255, 255, 255); font-weight: 600;\">RICHIEDI UN PREVENTIVO<\/span><\/h2> <\/div> <div  class=\"col-sm-4 end-sm\" data-type=\"column\"> <a class=\"button color2\" href=\"https:\/\/studiopuglia.net\/#contatti\" target=\"_self\" data-cp-link=\"1\" data-icon=\"\" rel=\"noopener noreferrer\">CONTATTACI<\/a><\/div> <\/div><\/div> <\/div><div  data-label=\"I nostri servizi\" data-id=\"content--1\" data-export-id=\"content-9\" data-category=\"content\" class=\"content-9 content-section content-section-spacing content-relative\" id=\"i-nostri-servizi-1\" style=\"background-color: rgba(3, 169, 244, 0); background-size: cover; background-image: none; background-position: center top;\" data-section-ov=\"1\"><div  class=\"gridContainer\"> <div  class=\"row text-center\"><div  class=\"section-title-col\" data-type=\"column\"> <h2  class=\"\"><span  style=\"font-weight: 700; color: rgb(52, 58, 64);\">FILOSOFIA, OBIETTIVI, SERVIZI<\/span><\/h2> <\/div> <\/div> <div  class=\"row space-bottom text-center\" data-type=\"row\"> <div  class=\"col-sm-4 col-padding-small\"> <i  class=\"fa icon fa-check reverse round large color2\"><\/i> <h4  class=\"\"><span  style=\"font-weight: 700; color: rgb(0, 0, 0);\">MODERNITA\u2019<\/span><\/h4> <h5  class=\"\"><span  style=\"font-weight: 300;\">Uno Studio informatizzato, sempre aggiornato sulle normative in continuo mutamento e con una visione panoramica sul settore immobiliare.<\/span><\/h5><\/div> <div  class=\"col-sm-4 col-padding-small\"><i  class=\"fa icon fa-life-bouy reverse round large color2\"><\/i> <h4  class=\"\"><span  style=\"font-weight: 700; color: rgb(0, 0, 0);\">SERIETA\u2019<\/span><\/h4> <h5  class=\"\"><span  style=\"font-weight: 300;\">Servizi, attivit\u00e0 e tariffe chiare e verificabili. L\u2019approccio con i clienti \u00e8 scandito da modalit\u00e0 operative consolidate che permetto trasparenza e tempestivit\u00e0 in fatto di comunicazione e rendicontazione.<\/span><\/h5><\/div> <div  class=\"col-sm-4 col-padding-small\"><i  class=\"fa icon fa-thumbs-o-up reverse round large color2\"><\/i> <h4  class=\"\"><span  style=\"font-weight: 700; color: rgb(0, 0, 0);\">EFFICIENZA<\/span><span  id=\"_mce_caret\" data-mce-bogus=\"1\" data-mce-type=\"format-caret\"><span  style=\"color: rgb(0, 0, 0);\">\ufeff<\/span><\/span><\/h4> <h5  class=\"\"><span  style=\"font-weight: 300;\">La missione \u00e8 sollevare i condomini da ogni incombenza. Lo studio Puglia offre una gestione ottimizzata dell\u2019amministrazione condominiale, garantendo i migliori risultati nel minor tempo possibile.<\/span><\/h5><\/div> <\/div> <div  class=\"row center-xs middle-xs\"> <div  class=\"col-sm-12\" data-type=\"column\">  <\/div><\/div> <\/div><\/div><div  data-label=\"Cta\" data-id=\"cta--1\" data-export-id=\"cta-centered-section-grid\" data-category=\"cta\" class=\"cta-centered-section-grid content-section content-section-spacing-medium bg-color1 white-text content-relative\" id=\"cta-2\" style=\"background-image: none; background-color: rgb(255, 255, 255);\"><div  class=\"gridContainer\"> <div  class=\"row text-center\"><div  class=\"col-xs-12 col-sm-10 col-sm-offset-1 col-md-8 col-md-offset-2\" data-type=\"column\"> <h2  class=\"\"><span  style=\"font-weight: 700; color: rgb(52, 58, 64);\">Formazione e aggiornamento continuo<\/span><\/h2> <p  class=\"\"><span  style=\"color: rgb(52, 58, 64);\">Il Rag. Lorenzo Puglia esercita la sua professione ai sensi della legge 4 del 14 gennaio 2013,                in possesso dei fini legge, compreso i corsi di aggiornamento obbligatori del DM 14\/2014.<\/span><\/p> <h4  class=\"\"><span  style=\"color: rgb(52, 58, 64); font-weight: 700;\">FORMAZIONE ED ISCRIZIONE: Scuola Alta Formazione Amministratori SAFOA N\u00b0 16.40<\/span><\/h4><img decoding=\"async\"  class=\"custom-image\" src=\"https:\/\/studiopuglia.net\/wp-content\/uploads\/2020\/12\/logo-Safoa.jpg\" alt=\"\" title=\"logo Safoa\"><\/div> <\/div><\/div> <div  class=\"section-separator-bottom\">\n    <svg  xmlns=\"http:\/\/www.w3.org\/2000\/svg\" viewBox=\"0 0 2600 131.1\" preserveAspectRatio=\"none\" data-separator-name=\"opacity-tilt\" class=\"section-separator-bottom\">\n\t<path  class=\"svg-white-bg\" d=\"M0 0L2600 0 2600 69.1 0 0z\"><\/path>\n\t<path  class=\"svg-white-bg\" style=\"opacity: 0.5;\" d=\"M0 0L2600 0 2600 69.1 0 69.1z\"><\/path>\n\t<path  class=\"svg-white-bg\" style=\"opacity: 0.25;\" d=\"M2600 0L0 0 0 130.1 2600 69.1z\"><\/path>\n<\/svg>\n<\/div><\/div><div  data-label=\"I nostri servizi\" data-id=\"features--1\" data-export-id=\"features-13\" data-category=\"features\" class=\"features-13 content-section content-section-spacing content-relative\" id=\"i-nostri-servizi\" style=\"background-color: rgba(182, 180, 176, 0.137); background-image: none;\"><div  class=\"gridContainer\"> <div  class=\"row text-center\"><div  class=\"section-title-col\" data-type=\"column\"> <h2  class=\"\"><span  class=\"\" style=\"margin-bottom: 16px; outline-color: rgb(204, 204, 204); outline-style: solid; text-rendering: optimizeLegibility; font-size: 2.5rem; line-height: 3rem; word-wrap: break-word;\">COSA OFFRIAMO<\/span><\/h2> <h5  class=\"\"><span  style=\"font-family: &quot;Open Sans&quot;, arial, helvetica, sans-serif; font-weight: 400;\">Lo Studio \u00e8 in grado di offrire ai clienti una serie di servizi completa ed interdisciplinare, per poter affrontare le problematiche riguardanti il settore ed il mercato immobiliare.<\/span><\/h5><\/div> <\/div> <div  class=\"row spaced-cols\" data-type=\"row\"> <div  class=\"col col-sm-6 space-bottom col-md-4\"> <i  class=\"fa icon fa-calculator bordered round big color8\"><\/i> <h4  class=\"\"><span  style=\"color: rgb(236, 110, 60); font-weight: 700;\">CONTABILITA\u2019<\/span><\/h4> <p  class=\"\">Gestione dal piccolo al grande\n<br >condominio; lo Studio ha la soluzione\n<br >perfetta per la gestione del tuo immobile.<\/p> <\/div> <div  class=\"col col-sm-6 space-bottom col-md-4\"><i  class=\"fa icon fa-connectdevelop bordered round big color8\"><\/i> <h4  class=\"\"><span  style=\"font-weight: 700; color: rgb(236, 110, 60);\">GESTIONE INTERVENTI<\/span><span  id=\"_mce_caret\" data-mce-bogus=\"1\" data-mce-type=\"format-caret\"><span  style=\"color: rgb(236, 110, 60);\">\ufeff<\/span><\/span><span  id=\"_mce_caret\" data-mce-bogus=\"1\" data-mce-type=\"format-caret\"><span  style=\"color: rgb(236, 110, 60);\">\ufeff<\/span><\/span><\/h4> <p  class=\"\">Tempismo ed efficacia per qualsiasi\n<br >intervento condominiale a 360\u00b0, 365 giorni\n<br >su 365.<\/p> <\/div> <div  class=\"col col-sm-6 space-bottom col-md-4\"><i  class=\"fa icon fa-building-o bordered round big color8\"><\/i> <h4  class=\"\"><span  style=\"font-weight: 700; color: rgb(236, 110, 60);\">GESTIONE AFFITTI<\/span><\/h4> <p  class=\"\">Gestione amministrativa degli affitti. Contattaci per maggiori informazioni.<\/p> <\/div> <div  class=\"col col-sm-6 space-bottom col-md-4\"><i  class=\"fa icon fa-lock bordered round big color8\"><\/i> <h4  class=\"\"><span  style=\"font-weight: 700; color: rgb(236, 110, 60);\">PRIVACY CONDOMINIALE<\/span><\/h4> <p  class=\"\">Accedi all\u2019area Privacy Condominiale per\n<br >poter scaricare l\u2019informativa condominiale costantemente aggiornata.<\/p> <a class=\"button color8\" href=\"https:\/\/archicond.azurewebsites.net\/public\" target=\"_blank\" data-cp-link=\"1\" data-icon=\"\" rel=\"noopener noreferrer\">ACCEDI<\/a><\/div> <div  class=\"col col-sm-6 space-bottom col-md-4\"> <i  class=\"fa icon fa-table bordered round big color8\"><\/i> <h4  class=\"\"><span  style=\"color: rgb(236, 110, 60); font-weight: 700;\">MIOCONDOMINIO<\/span><\/h4> <p  class=\"\">Clicca su accedi, per visualizzare documenti, avvisi e le rate del tuo condominio.<\/p> <a class=\"button color8\" href=\"https:\/\/www.miocondominio.eu\" target=\"_blank\" data-cp-link=\"1\" data-icon=\"\" rel=\"noopener noreferrer\">ACCEDI<\/a><\/div><div  class=\"col col-sm-6 space-bottom col-md-4\"> <i  class=\"fa icon fa-balance-scale bordered round big color8\"><\/i> <h4  class=\"\"><span  style=\"font-weight: 700; color: rgb(236, 110, 60);\">RAPPRESENTANZA LEGALE<\/span><\/h4> <p  class=\"\">Collaboratori in grado di offrire\n<br >rappresentanza legale del tuo\n<br >condominio.<\/p> <\/div><\/div><\/div> <div  class=\"section-separator-bottom\">\n    <svg  xmlns=\"http:\/\/www.w3.org\/2000\/svg\" viewBox=\"0 0 2600 131.1\" preserveAspectRatio=\"none\" data-separator-name=\"opacity-tilt\" class=\"section-separator-bottom\">\n\t<path  class=\"svg-white-bg\" d=\"M0 0L2600 0 2600 69.1 0 0z\"><\/path>\n\t<path  class=\"svg-white-bg\" style=\"opacity: 0.5;\" d=\"M0 0L2600 0 2600 69.1 0 69.1z\"><\/path>\n\t<path  class=\"svg-white-bg\" style=\"opacity: 0.25;\" d=\"M2600 0L0 0 0 130.1 2600 69.1z\"><\/path>\n<\/svg>\n<\/div><\/div><div  data-label=\"Blog\" data-id=\"team--1\" data-export-id=\"team-1\" data-category=\"team\" class=\"team-1 content-section content-section-spacing content-relative\" id=\"blog\" style=\"background-color: rgb(255, 255, 255);\"><div  class=\"gridContainer\"><div  data-section-title-area=\"true\" class=\"row text-center\">   <div  class=\"section-title-col\" data-type=\"column\">       <h2  class=\"\">BLOG \u2013 NEWS DAL CONDOMINIO<\/h2>       <p  class=\"lead\">In questa sezione vengono pubblicati <span  style=\"font-weight: 600;\">articoli di condominioweb.com relativi ad aggiornamenti e\/o approfondimenti<\/span> su tematiche legate all\u2019attivit\u00e0 di amministrazione stabili.<\/p>   <\/div><\/div>  <div  class=\"row spaced-cols content-center-sm\" data-type=\"row\"> <div  class=\"col-xs-12 col-sm-6 col-md-12 \"> <div  class=\"card no-padding no-shadow bottom-border-color8\">  <div  data-type=\"column\" class=\"col-padding-small col-padding-small-xs description-container\">   <div  class=\"social-icons-group\" data-type=\"group\"> <a href=\"#\" target=\"_self\" rel=\"noopener noreferrer\" data-reiki-hidden=\"true\"><i  class=\"fa icon fa-facebook-square gray\"><\/i><\/a> <a href=\"#\" target=\"_self\" rel=\"noopener noreferrer\" data-reiki-hidden=\"true\"><i  class=\"fa icon fa-twitter-square gray\"><\/i><\/a> <a href=\"#\" target=\"_self\" rel=\"noopener noreferrer\" data-reiki-hidden=\"true\"><i  class=\"fa icon fa-linkedin-square gray\"><\/i><\/a> <a href=\"#\" target=\"_self\" rel=\"noopener noreferrer\" data-reiki-hidden=\"true\"><i  class=\"fa icon fa-google-plus-square gray\"><\/i><\/a><\/div> <div  data-editable=\"true\" data-name=\"ope-widgets-area\" data-content-shortcode=\"mesmerize_display_widgets_area id=&quot;mesmerize_users_custom_widgets_areas_0&quot; \" class=\"\"><div data-name=\"mesmerize-widgets-area\"><div id=\"custom_html-3\" class=\"widget_text widget widget_custom_html\"><div class=\"textwidget custom-html-widget\"><div><iframe id=\"CdwIframe3\" src=\"https:\/\/www.condominioweb.com\/public\/widget\/widget_1.php\" frameborder=\"0\" width=\"100%\" style=\"width:100%;overflow:hidden\"><\/iframe><script>var eventMethod=window.addEventListener?\"addEventListener\":\"attachEvent\",eventer=window[eventMethod],messageEvent=\"attachEvent\"==eventMethod?\"onmessage\":\"message\";eventer(messageEvent,function(e){if(\"string\"==typeof e.data&&-1<e.data.indexOf(\"documentHeight\")){var t=e.data.split(\"documentHeight:\")[1];t=parseInt(t);document.getElementById(\"CdwIframe3\").height=t+\"px\"}},!1);<\/script><\/div><\/div><\/div><\/div><\/div><\/div><\/div> <\/div>       <\/div> <\/div><\/div><div  data-label=\"Overlappable\" data-id=\"overlappable--1\" data-export-id=\"overlappable-3\" data-category=\"overlappable\" class=\"overlappable-3 content-section content-section-spacing\" data-overlap=\"true\" id=\"overlappable-1\" style=\"background-color: rgb(255, 255, 255);\"><div  class=\"gridContainer\"> <div  class=\"row bg-color-white shadow-medium\"><div  class=\"col-xs-12 col-sm-6 image-col first-image-col\" data-bg=\"image\" style=\"background-image: url(&quot;https:\/\/studiopuglia.net\/wp-content\/uploads\/2020\/12\/AdobeStock_268097566-scala.jpeg&quot;);\"><\/div> <div  class=\"col-xs-12 col-sm-6 content-col col-padding col-padding-xs\"> <div  class=\"col-padding\" data-type=\"column\"> <h4  class=\"\">RISPOSTA IMMEDIATA<\/h4> <p  class=\"\">Gli interventi richiesti dai nostri condomini vengono evasi dal personale di studio in meno di 24 ore e viene garantito un servizio a 360\u00b0, 365 giorni l\u2019anno. Tutto ci\u00f2 \u00e8 reso possibile grazie ai nostri fornitori, professionisti del settore, in grado di assicurare tutti i servizi e risposta immediata alle emergenze.<\/p> <\/div> <\/div><\/div> <div  class=\"row bg-color-white shadow-medium\"><div  class=\"col-xs-12 col-sm-6 content-col col-padding col-padding-xs\"> <div  class=\"col-padding\" data-type=\"column\"><h4  class=\"\">COLLABORATORI<\/h4> <p  class=\"\">Grazie al lavoro coordinato di pi\u00f9 professionisti e consulenti di fiducia esterni, lo Studio Puglia \u00e8 in grado di garantire la massima assistenza in ogni ambito della vita condominiale.<\/p> <\/div> <\/div> <div  class=\"col-xs-12 col-sm-6 image-col second-image-col first-xs last-sm\" data-bg=\"image\" style=\"background-image: url(&quot;https:\/\/studiopuglia.net\/wp-content\/uploads\/2020\/12\/AdobeStock_278575812.jpeg&quot;);\"><\/div> <\/div><\/div> <\/div><div  data-label=\"Contatti\" data-id=\"contact--1\" data-export-id=\"contact-7\" data-category=\"contact\" class=\"contact-7 content-section content-section-spacing white-text\" data-parallax-depth=\"20\" id=\"contatti\" style=\"background-color: rgb(245, 250, 253); background-image: url(&quot;https:\/\/studiopuglia.net\/wp-content\/uploads\/2019\/10\/image-1-1024x768.png&quot;); background-size: cover; background-position: center top;\" data-section-ov=\"1\"><div  class=\"gridContainer\"> <div  class=\"row text-center\"><div  class=\"col-xs-12\"> <div  class=\"card no-padding\"><div  class=\"row\"> <div  class=\"col-xs-12 col-sm-6 contact-form-wrapper inline-info shadow-medium\"><h2  class=\"text-center font-300 color-black\">Entra in&nbsp;<span  id=\"_mce_caret\" data-mce-bogus=\"1\" data-mce-type=\"format-caret\"><span  style=\"font-weight: 700;\">\ufeffcontatto<span  id=\"_mce_caret\" data-mce-bogus=\"1\" data-mce-type=\"format-caret\"><span  style=\"font-weight: 400;\">\ufeff&nbsp;<span  id=\"_mce_caret\" data-mce-bogus=\"1\" data-mce-type=\"format-caret\"><span  style=\"font-weight: 300;\">\ufeffcon noi<\/span><\/span><\/span><\/span><\/span><\/span><\/h2> <div  class=\"\" data-content-shortcode=\"mesmerize_contact_form shortcode=&quot;contact-form-7 id=&amp;amp;quot;39&amp;amp;quot; title=&amp;amp;quot;Modulo di contatto 1&amp;amp;quot;&quot;\" data-editable=\"true\"><div role=\"form\" class=\"wpcf7\" id=\"wpcf7-f39-o1\" lang=\"it-IT\" dir=\"ltr\">\n<div class=\"screen-reader-response\"><\/div>\n<form action=\"\/index.php?rest_route=%2Fwp%2Fv2%2Fpages%2F6#wpcf7-f39-o1\" method=\"post\" class=\"wpcf7-form wpcf7-acceptance-as-validation\" novalidate=\"novalidate\">\n<div style=\"display: none;\">\n<input type=\"hidden\" name=\"_wpcf7\" value=\"39\" \/>\n<input type=\"hidden\" name=\"_wpcf7_version\" value=\"5.1.4\" \/>\n<input type=\"hidden\" name=\"_wpcf7_locale\" value=\"it_IT\" \/>\n<input type=\"hidden\" name=\"_wpcf7_unit_tag\" value=\"wpcf7-f39-o1\" \/>\n<input type=\"hidden\" name=\"_wpcf7_container_post\" value=\"0\" \/>\n<\/div>\n<p class=\"input-form\">\n<label> Nome*<br \/>\n    <span class=\"wpcf7-form-control-wrap your-name\"><input type=\"text\" name=\"your-name\" value=\"\" size=\"40\" class=\"wpcf7-form-control wpcf7-text wpcf7-validates-as-required\" aria-required=\"true\" aria-invalid=\"false\" \/><\/span> <\/label><\/p>\n<p class=\"input-form\">\n<label> Email*<br \/>\n    <span class=\"wpcf7-form-control-wrap your-email\"><input type=\"email\" name=\"your-email\" value=\"\" size=\"40\" class=\"wpcf7-form-control wpcf7-text wpcf7-email wpcf7-validates-as-required wpcf7-validates-as-email\" aria-required=\"true\" aria-invalid=\"false\" \/><\/span> <\/label><\/p>\n<p class=\"input-form\">\n<label> Oggetto*<br \/>\n    <span class=\"wpcf7-form-control-wrap your-subject\"><input type=\"text\" name=\"your-subject\" value=\"\" size=\"40\" class=\"wpcf7-form-control wpcf7-text wpcf7-validates-as-required\" aria-required=\"true\" aria-invalid=\"false\" \/><\/span> <\/label><\/p>\n<p class=\"input-form input-form100\">\n<label> Inserisci un tuo messaggio<br \/>\n    <span class=\"wpcf7-form-control-wrap your-message\"><textarea name=\"your-message\" cols=\"40\" rows=\"10\" class=\"wpcf7-form-control wpcf7-textarea\" aria-invalid=\"false\"><\/textarea><\/span> <\/label><\/p>\n<p class=\"input-form input-form100\">\n<span class=\"wpcf7-form-control-wrap accept-this-3\"><span class=\"wpcf7-form-control wpcf7-acceptance\"><span class=\"wpcf7-list-item\"><label><input type=\"checkbox\" name=\"accept-this-3\" value=\"1\" aria-invalid=\"false\" \/><span class=\"wpcf7-list-item-label\">AUTORIZZO IL <a target=\"_blank\" href=\"https:\/\/studiopuglia.net\/privacy-policy\/\" style=\"text-decoration:underline;\">TRATTAMENTO DEI DATI PERSONALI<\/a><\/span><\/label><\/span><\/span><\/span>\n<\/p>\n<p>*campo obbligatorio<\/p>\n<p class=\"par-button-contact7\">\n<input type=\"submit\" value=\"Invia\" class=\"wpcf7-form-control wpcf7-submit\" \/><\/p>\n<div class=\"wpcf7-response-output wpcf7-display-none\"><\/div><\/form><\/div><\/div><\/div> <div  class=\"col-xs-12 col-sm-6 map-col\"><div  data-content-shortcode=\"mesmerize_maps address=&quot;P.ZA LIBERTA&amp;amp;#39; 12 - 20873 CAVENAGO DI BRIANZA (MB)&quot; zoom=&quot;65&quot;\" data-editable=\"true\" class=\"map-wrapper\"><iframe class=\"mesmerize-google-maps mesmerize-frame-map\" src=\"https:\/\/maps.google.com\/maps?q=P.ZA LIBERTA&amp;#39; 12 - 20873 CAVENAGO DI BRIANZA (MB)&amp;z=14&amp;t=m&amp;output=embed&amp;iwloc=near\"><\/iframe><\/div><\/div> <\/div><\/div> <\/div><\/div> <\/div><\/div>","protected":false},"excerpt":{"rendered":"<p>AMMINISTRAZIONI CONDOMINIALI RAG. LORENZO PUGLIA\ufeff\ufeff LO STUDIO Lo studio \u00e8 sotto la guida del Rag. Lorenzo Puglia, il quale vanta un\u2019esperienza ventennale e consolidata nel settore dell\u2019amministrazione condominiale, svolgendo la propria attivit\u00e0 nell\u2019area di Monza e Brianza. Da sempre opera con la massima efficienza, seriet\u00e0 e trasparenza: la sua filosofia si basa su una gestione&hellip; <br \/> <a class=\"read-more\" href=\"https:\/\/studiopuglia.net\/\">Read more<\/a><\/p>\n","protected":false},"author":1,"featured_media":0,"parent":0,"menu_order":0,"comment_status":"closed","ping_status":"closed","template":"page-templates\/homepage.php","meta":{"footnotes":""},"class_list":["post-6","page","type-page","status-publish","hentry"],"_links":{"self":[{"href":"https:\/\/studiopuglia.net\/index.php?rest_route=\/wp\/v2\/pages\/6","targetHints":{"allow":["GET"]}}],"collection":[{"href":"https:\/\/studiopuglia.net\/index.php?rest_route=\/wp\/v2\/pages"}],"about":[{"href":"https:\/\/studiopuglia.net\/index.php?rest_route=\/wp\/v2\/types\/page"}],"author":[{"embeddable":true,"href":"https:\/\/studiopuglia.net\/index.php?rest_route=\/wp\/v2\/users\/1"}],"replies":[{"embeddable":true,"href":"https:\/\/studiopuglia.net\/index.php?rest_route=%2Fwp%2Fv2%2Fcomments&post=6"}],"version-history":[{"count":89,"href":"https:\/\/studiopuglia.net\/index.php?rest_route=\/wp\/v2\/pages\/6\/revisions"}],"predecessor-version":[{"id":567,"href":"https:\/\/studiopuglia.net\/index.php?rest_route=\/wp\/v2\/pages\/6\/revisions\/567"}],"wp:attachment":[{"href":"https:\/\/studiopuglia.net\/index.php?rest_route=%2Fwp%2Fv2%2Fmedia&parent=6"}],"curies":[{"name":"wp","href":"https:\/\/api.w.org\/{rel}","templated":true}]}}